{"id":365,"date":"2021-04-11T15:45:22","date_gmt":"2021-04-11T13:45:22","guid":{"rendered":"http:\/\/ayurveda-datta.org\/?page_id=365"},"modified":"2025-06-18T18:27:18","modified_gmt":"2025-06-18T16:27:18","slug":"programme-dun-week-end","status":"publish","type":"page","link":"https:\/\/www.ayurveda-datta.org\/index.php\/programme-dun-week-end\/","title":{"rendered":"Programme d&#8217;un week-end"},"content":{"rendered":"<h4><span style=\"color: green;\"><b>1 &#8211; Pour les sessions de quatre jours et demi du Jeudi 14h00 au lundi 16h00.<\/b><\/span><\/h4>\n<p>Organisation type de chaque journ\u00e9e :<br \/>\n7h00-8h15 S\u0101dhana (le jeudi 14h m\u00e9ditation pendant 1 heure et m\u00e9t\u00e9o de groupe, cours jusqu&#8217;\u00e0 18h)<br \/>\n8h15-9h15 Petit d\u00e9jeuner<br \/>\n9h15-12h15 Enseignement<br \/>\n12h15-14h D\u00e9jeuner<br \/>\n14h-17h\/17h30 Enseignement (sauf le dernier jour : 13h30-16h)<\/p>\n<p>Chacune de ces journ\u00e9es commencera par une S\u0101dhana o\u00f9 seront chant\u00e9s des \u015bloka(s), c&#8217;est-\u00e0-dire des versets en sanskrit extraits de textes anciens qui contiennent les bases fondamentales de l\u2019\u0100yurveda. Nous chanterons aussi les 108 noms de Dhanvantari. <\/p>\n<h4><span style=\"color: green;\"><b>2 &#8211; Pour les samedis par visioconf\u00e9rence, <span style=\"color: orange;\">la pr\u00e9sence sera obligatoire.<\/b><\/span><\/h4>\n<p>9h-10h : \u00e9valuation des connaissances. Un questionnaire d\u2019examen sera envoy\u00e9 sur votre mail \u00e0 9h, et vous devrez le renvoyer avec les r\u00e9ponses \u00e0 Narendra Das \u00e0 10h15.<\/p>\n<p>10h30-12h : corrections et \u00e9changes d\u2019opinions, puis retour sur la session pr\u00e9c\u00e9dente.<\/p>\n<p>14h-17h : \u00e9changes sur les cas de pathologies rencontr\u00e9es, vos pratiques, et introduction de la session suivante.<\/p>\n","protected":false},"excerpt":{"rendered":"<p>1 &#8211; Pour les sessions de quatre jours et demi du Jeudi 14h00 au lundi 16h00. Organisation type de chaque journ\u00e9e : 7h00-8h15 S\u0101dhana (le jeudi 14h m\u00e9ditation pendant 1 heure et m\u00e9t\u00e9o de groupe, cours jusqu&#8217;\u00e0 18h) 8h15-9h15 Petit d\u00e9jeuner 9h15-12h15 Enseignement 12h15-14h D\u00e9jeuner 14h-17h\/17h30 Enseignement (sauf le dernier jour : 13h30-16h) Chacune de &hellip;<\/p>\n<p class=\"read-more\"> <a class=\"\" href=\"https:\/\/www.ayurveda-datta.org\/index.php\/programme-dun-week-end\/\"> <span class=\"screen-reader-text\">Programme d&#8217;un week-end<\/span> Read More &raquo;<\/a><\/p>\n","protected":false},"author":2,"featured_media":0,"parent":0,"menu_order":0,"comment_status":"closed","ping_status":"closed","template":"","meta":{"site-sidebar-layout":"default","site-content-layout":"default","ast-main-header-display":"","ast-hfb-above-header-display":"","ast-hfb-below-header-display":"","ast-hfb-mobile-header-display":"","site-post-title":"disabled","ast-breadcrumbs-content":"","ast-featured-img":"","footer-sml-layout":"","theme-transparent-header-meta":"default","adv-header-id-meta":"","stick-header-meta":"","header-above-stick-meta":"","header-main-stick-meta":"","header-below-stick-meta":""},"_links":{"self":[{"href":"https:\/\/www.ayurveda-datta.org\/index.php\/wp-json\/wp\/v2\/pages\/365"}],"collection":[{"href":"https:\/\/www.ayurveda-datta.org\/index.php\/wp-json\/wp\/v2\/pages"}],"about":[{"href":"https:\/\/www.ayurveda-datta.org\/index.php\/wp-json\/wp\/v2\/types\/page"}],"author":[{"embeddable":true,"href":"https:\/\/www.ayurveda-datta.org\/index.php\/wp-json\/wp\/v2\/users\/2"}],"replies":[{"embeddable":true,"href":"https:\/\/www.ayurveda-datta.org\/index.php\/wp-json\/wp\/v2\/comments?post=365"}],"version-history":[{"count":39,"href":"https:\/\/www.ayurveda-datta.org\/index.php\/wp-json\/wp\/v2\/pages\/365\/revisions"}],"predecessor-version":[{"id":1486,"href":"https:\/\/www.ayurveda-datta.org\/index.php\/wp-json\/wp\/v2\/pages\/365\/revisions\/1486"}],"wp:attachment":[{"href":"https:\/\/www.ayurveda-datta.org\/index.php\/wp-json\/wp\/v2\/media?parent=365"}],"curies":[{"name":"wp","href":"https:\/\/api.w.org\/{rel}","templated":true}]}}