{"id":345,"date":"2021-04-11T15:15:56","date_gmt":"2021-04-11T13:15:56","guid":{"rendered":"http:\/\/ayurveda-datta.org\/?page_id=345"},"modified":"2025-06-13T10:52:36","modified_gmt":"2025-06-13T08:52:36","slug":"validation-de-votre-candidature","status":"publish","type":"page","link":"https:\/\/www.ayurveda-datta.org\/index.php\/validation-de-votre-candidature\/","title":{"rendered":"Validation de votre candidature"},"content":{"rendered":"<p>Apr\u00e8s votre s\u00e9lection le 1er novembre 2026, votre engagement sera confirm\u00e9 par un virement de la somme de 3.425 euros. Ce virement est \u00e0 effectuer avant le 15 novembre 2026.<\/p>\n<p><center><b>B\u00e9n\u00e9ficiaire :<\/b> <br \/><b><span style=\"color: green;\">Golden Temple<\/span><\/b><br \/>8 rue de la m\u00e9tallurgie<br \/>38420 Dom\u00e8ne<\/center><br \/>\n<center><b>IBAN pour le virement :<\/b><br \/>FR76 1680 7001 3303 3215 0832 207<br \/>BIC : CCBPFRPPGRE<\/center><\/p>\n","protected":false},"excerpt":{"rendered":"<p>Apr\u00e8s votre s\u00e9lection le 1er novembre 2026, votre engagement sera confirm\u00e9 par un virement de la somme de 3.425 euros. Ce virement est \u00e0 effectuer avant le 15 novembre 2026. B\u00e9n\u00e9ficiaire : Golden Temple8 rue de la m\u00e9tallurgie38420 Dom\u00e8ne IBAN pour le virement :FR76 1680 7001 3303 3215 0832 207BIC : CCBPFRPPGRE<\/p>\n","protected":false},"author":2,"featured_media":0,"parent":0,"menu_order":0,"comment_status":"closed","ping_status":"closed","template":"","meta":{"site-sidebar-layout":"default","site-content-layout":"default","ast-main-header-display":"","ast-hfb-above-header-display":"","ast-hfb-below-header-display":"","ast-hfb-mobile-header-display":"","site-post-title":"disabled","ast-breadcrumbs-content":"","ast-featured-img":"","footer-sml-layout":"","theme-transparent-header-meta":"default","adv-header-id-meta":"","stick-header-meta":"","header-above-stick-meta":"","header-main-stick-meta":"","header-below-stick-meta":""},"_links":{"self":[{"href":"https:\/\/www.ayurveda-datta.org\/index.php\/wp-json\/wp\/v2\/pages\/345"}],"collection":[{"href":"https:\/\/www.ayurveda-datta.org\/index.php\/wp-json\/wp\/v2\/pages"}],"about":[{"href":"https:\/\/www.ayurveda-datta.org\/index.php\/wp-json\/wp\/v2\/types\/page"}],"author":[{"embeddable":true,"href":"https:\/\/www.ayurveda-datta.org\/index.php\/wp-json\/wp\/v2\/users\/2"}],"replies":[{"embeddable":true,"href":"https:\/\/www.ayurveda-datta.org\/index.php\/wp-json\/wp\/v2\/comments?post=345"}],"version-history":[{"count":26,"href":"https:\/\/www.ayurveda-datta.org\/index.php\/wp-json\/wp\/v2\/pages\/345\/revisions"}],"predecessor-version":[{"id":1336,"href":"https:\/\/www.ayurveda-datta.org\/index.php\/wp-json\/wp\/v2\/pages\/345\/revisions\/1336"}],"wp:attachment":[{"href":"https:\/\/www.ayurveda-datta.org\/index.php\/wp-json\/wp\/v2\/media?parent=345"}],"curies":[{"name":"wp","href":"https:\/\/api.w.org\/{rel}","templated":true}]}}