{"id":28,"date":"2020-10-02T09:53:53","date_gmt":"2020-10-02T07:53:53","guid":{"rendered":"http:\/\/ayurveda-datta.org\/?page_id=28"},"modified":"2025-06-13T14:55:42","modified_gmt":"2025-06-13T12:55:42","slug":"page-daccueil","status":"publish","type":"page","link":"https:\/\/www.ayurveda-datta.org\/","title":{"rendered":"Notre mission"},"content":{"rendered":"<p><b><h1><center><span style=\"color: orange;\">\u0906\u092f\u0941\u0930\u094d\u0935\u0947\u0926 \u0926\u0924\u094d\u0924<\/span><\/b><\/h1><\/p>\r\n<h2><strong><center><span class=\"has-inline-color\" style=\"color: #0f7f12;\">\u0100yurveda Datta <br><\/span><\/h2><\/strong><\/center><\/h2>\r\n\r\n\r\n<div class=\"wp-block-image\"><figure class=\"aligncenter size-full is-resized\"><img loading=\"lazy\" src=\"http:\/\/ayurveda-datta.org\/wp-content\/uploads\/2021\/03\/Page-accueil.png\" alt=\"\" class=\"wp-image-113\" width=\"900\" height=\"409\"\/><\/figure><\/div>\r\n\r\n\r\n<p>L\u2019institut <b><span style=\"color: green;\">\u0100yurveda Datta<\/span><\/b> est un centre de ressources, de recherche et d\u2019approfondissement en \u0100yurveda. Inspir\u00e9 du <span style=\"color: green;\">B.A.M.S.*,<\/span> notre institut enseigne l&#8217;\u0100yurveda d\u2019une mani\u00e8re pratique et compr\u00e9hensible par notre culture, tout en gardant ses deux essences qui sont une tradition vivante issue des Tantra(s) et la tradition classique des Sa\u1e43hit\u0101(s) V\u00e9diques.\r\n<div align=\"right\"><span style=\"color: green;\">*B.A.M.S. :<\/span> Bachelor in Ayurvedic Medicine and Surgery. C&#8217;est le premier niveau acad\u00e9mique en Inde.<\/div align=\"right\"><\/p>\r\n\r\n<p>Il concerne avant tout les personnes ayant <b class=\"\"><span style=\"color: green;\">d\u00e9j\u00e0 \u00e9t\u00e9 form\u00e9es<\/b><\/span> dans ce domaine et souhaitant approfondir leurs connaissances th\u00e9oriques, pratiques et introspectives de l\u2019\u0100yurveda.<\/p>\r\n<p><b><span style=\"color: green;\">\u0100yurveda Datta<\/span><\/b> a pour but :<br>\r\n&#8211; D\u2019enseigner l\u2019\u0100yurveda par l\u2019exp\u00e9rience directe afin de le comprendre comme un art de vivre en conscience.<br>\r\n&#8211; De comprendre l\u2019\u0100yurveda comme une connaissance de terrain visant \u00e0 soutenir l\u2019\u00e9quilibre naturel du vivant dans sa globalit\u00e9.<br>\r\n&#8211; D\u2019ouvrir et de permettre l\u2019acc\u00e8s \u00e0 la connaissance traditionnelle et ancestrale de l\u2019\u0100yurveda dans ses diff\u00e9rentes traditions orales et \u00e9crites.<br>\r\n&#8211; De permettre \u00e0 cette connaissance traditionnelle de trouver sens dans une application actuelle et pratique de ses principes.<br>\r\n&#8211; De pr\u00e9ciser la formation de praticiennes ou praticiens d\u00e9j\u00e0 form\u00e9s et de les encourager \u00e0 ouvrir leurs perceptives de travail et d\u2019\u00e9volution gr\u00e2ce \u00e0 l\u2019\u0100yurveda.<br> \r\n&#8211; De publier des articles, des ouvrages et des vid\u00e9os de qualit\u00e9 donnant acc\u00e8s \u00e0 un contenu \u00e9labor\u00e9 et parfois m\u00e9connu de l\u2019\u0100yurveda ainsi que de ses disciplines associ\u00e9es.<\/p>","protected":false},"excerpt":{"rendered":"<p>\u0906\u092f\u0941\u0930\u094d\u0935\u0947\u0926 \u0926\u0924\u094d\u0924 \u0100yurveda Datta L\u2019institut \u0100yurveda Datta est un centre de ressources, de recherche et d\u2019approfondissement en \u0100yurveda. Inspir\u00e9 du B.A.M.S.*, notre institut enseigne l&#8217;\u0100yurveda d\u2019une mani\u00e8re pratique et compr\u00e9hensible par notre culture, tout en gardant ses deux essences qui sont une tradition vivante issue des Tantra(s) et la tradition classique des Sa\u1e43hit\u0101(s) V\u00e9diques. *B.A.M.S. &hellip;<\/p>\n<p class=\"read-more\"> <a class=\"\" href=\"https:\/\/www.ayurveda-datta.org\/\"> <span class=\"screen-reader-text\">Notre mission<\/span> Read More &raquo;<\/a><\/p>\n","protected":false},"author":2,"featured_media":0,"parent":0,"menu_order":0,"comment_status":"closed","ping_status":"closed","template":"","meta":{"site-sidebar-layout":"default","site-content-layout":"default","ast-main-header-display":"","ast-hfb-above-header-display":"","ast-hfb-below-header-display":"","ast-hfb-mobile-header-display":"","site-post-title":"disabled","ast-breadcrumbs-content":"","ast-featured-img":"","footer-sml-layout":"","theme-transparent-header-meta":"default","adv-header-id-meta":"","stick-header-meta":"","header-above-stick-meta":"","header-main-stick-meta":"","header-below-stick-meta":""},"_links":{"self":[{"href":"https:\/\/www.ayurveda-datta.org\/index.php\/wp-json\/wp\/v2\/pages\/28"}],"collection":[{"href":"https:\/\/www.ayurveda-datta.org\/index.php\/wp-json\/wp\/v2\/pages"}],"about":[{"href":"https:\/\/www.ayurveda-datta.org\/index.php\/wp-json\/wp\/v2\/types\/page"}],"author":[{"embeddable":true,"href":"https:\/\/www.ayurveda-datta.org\/index.php\/wp-json\/wp\/v2\/users\/2"}],"replies":[{"embeddable":true,"href":"https:\/\/www.ayurveda-datta.org\/index.php\/wp-json\/wp\/v2\/comments?post=28"}],"version-history":[{"count":77,"href":"https:\/\/www.ayurveda-datta.org\/index.php\/wp-json\/wp\/v2\/pages\/28\/revisions"}],"predecessor-version":[{"id":1421,"href":"https:\/\/www.ayurveda-datta.org\/index.php\/wp-json\/wp\/v2\/pages\/28\/revisions\/1421"}],"wp:attachment":[{"href":"https:\/\/www.ayurveda-datta.org\/index.php\/wp-json\/wp\/v2\/media?parent=28"}],"curies":[{"name":"wp","href":"https:\/\/api.w.org\/{rel}","templated":true}]}}