{"id":274,"date":"2021-04-10T15:56:12","date_gmt":"2021-04-10T13:56:12","guid":{"rendered":"http:\/\/ayurveda-datta.org\/?page_id=274"},"modified":"2025-06-18T18:27:50","modified_gmt":"2025-06-18T16:27:50","slug":"formation","status":"publish","type":"page","link":"https:\/\/www.ayurveda-datta.org\/index.php\/formation\/","title":{"rendered":"Lieu de la formation"},"content":{"rendered":"<h4><font color=\"orange\"><b><center>Les trois premi\u00e8res ann\u00e9es de Mentorat de 2027 \u00e0 2029<\/b><\/font><\/h4>\n<p><center>Dans une d\u00e9marche locale ch\u00e8re \u00e0 l\u2019\u0100yurveda,<br \/>\nnous travaillons avec les agriculteurs et les \u00e9leveurs, acteurs essentiels de nos campagnes et de nos paysages.<br \/>\nCeci pour pouvoir \u00e9changer sur leurs modes de fonctionnement,<br \/>\nleurs relations aux plantes et aux animaux, leurs relations \u00e0 la nature<br \/>\net leurs regards sur l\u2019\u0100yurveda.<br \/>\nLa formation a ainsi lieue dans une ferme.<\/p>\n<p><font color=\"green\"><b>Ferme d\u2019Allicoud<\/b><\/font><br \/>\n54 Chemin du M\u00fbrier<br \/>\n38410 Saint-Martin-d\u2019Uriage<br \/>\n<b><a href=\"https:\/\/www.fermeallicoud.com\">https:\/\/www.fermeallicoud.com <\/a><\/b><\/p>\n<p>Depuis la gare de Grenoble :<br \/>\nBus 67 jusqu&#8217;\u00e0 Herbeys puis 35 minutes de marche.<br \/>\nou bien Bus 23 jusqu&#8217;\u00e0 Uriage Gare puis encore 30 min de marche<br \/>\nPour \u00e9viter la marche vous pourrez vous arranger entre vous pour le covoiturage.<\/p>\n<h4><center><font color=\"orange\"><b>Ann\u00e9e 2030 : deux sessions de Pa\u00f1cakarma de trois semaines.<\/font><br \/>\nLe lieu reste encore \u00e0 d\u00e9finir.<\/p>\n","protected":false},"excerpt":{"rendered":"<p>Les trois premi\u00e8res ann\u00e9es de Mentorat de 2027 \u00e0 2029 Dans une d\u00e9marche locale ch\u00e8re \u00e0 l\u2019\u0100yurveda, nous travaillons avec les agriculteurs et les \u00e9leveurs, acteurs essentiels de nos campagnes et de nos paysages. Ceci pour pouvoir \u00e9changer sur leurs modes de fonctionnement, leurs relations aux plantes et aux animaux, leurs relations \u00e0 la nature &hellip;<\/p>\n<p class=\"read-more\"> <a class=\"\" href=\"https:\/\/www.ayurveda-datta.org\/index.php\/formation\/\"> <span class=\"screen-reader-text\">Lieu de la formation<\/span> Read More &raquo;<\/a><\/p>\n","protected":false},"author":2,"featured_media":0,"parent":0,"menu_order":0,"comment_status":"closed","ping_status":"closed","template":"","meta":{"site-sidebar-layout":"default","site-content-layout":"default","ast-main-header-display":"","ast-hfb-above-header-display":"","ast-hfb-below-header-display":"","ast-hfb-mobile-header-display":"","site-post-title":"disabled","ast-breadcrumbs-content":"","ast-featured-img":"","footer-sml-layout":"","theme-transparent-header-meta":"default","adv-header-id-meta":"","stick-header-meta":"","header-above-stick-meta":"","header-main-stick-meta":"","header-below-stick-meta":""},"_links":{"self":[{"href":"https:\/\/www.ayurveda-datta.org\/index.php\/wp-json\/wp\/v2\/pages\/274"}],"collection":[{"href":"https:\/\/www.ayurveda-datta.org\/index.php\/wp-json\/wp\/v2\/pages"}],"about":[{"href":"https:\/\/www.ayurveda-datta.org\/index.php\/wp-json\/wp\/v2\/types\/page"}],"author":[{"embeddable":true,"href":"https:\/\/www.ayurveda-datta.org\/index.php\/wp-json\/wp\/v2\/users\/2"}],"replies":[{"embeddable":true,"href":"https:\/\/www.ayurveda-datta.org\/index.php\/wp-json\/wp\/v2\/comments?post=274"}],"version-history":[{"count":48,"href":"https:\/\/www.ayurveda-datta.org\/index.php\/wp-json\/wp\/v2\/pages\/274\/revisions"}],"predecessor-version":[{"id":1487,"href":"https:\/\/www.ayurveda-datta.org\/index.php\/wp-json\/wp\/v2\/pages\/274\/revisions\/1487"}],"wp:attachment":[{"href":"https:\/\/www.ayurveda-datta.org\/index.php\/wp-json\/wp\/v2\/media?parent=274"}],"curies":[{"name":"wp","href":"https:\/\/api.w.org\/{rel}","templated":true}]}}