{"id":200,"date":"2021-04-09T23:54:45","date_gmt":"2021-04-09T21:54:45","guid":{"rendered":"http:\/\/ayurveda-datta.org\/?page_id=200"},"modified":"2025-06-13T10:59:57","modified_gmt":"2025-06-13T08:59:57","slug":"prerequis-inscription","status":"publish","type":"page","link":"https:\/\/www.ayurveda-datta.org\/index.php\/prerequis-inscription\/","title":{"rendered":"Pr\u00e9requis \u00e0 l&#8217;inscription"},"content":{"rendered":"<h3><center><strong><span style=\"color: green;\">Pr\u00e9requis<br \/>\n<\/span><\/strong><\/center><\/h3>\n<p>1 &#8211; Ce Mentorat s\u2019adresse \u00e0 des personnes en forme physiquement et sans probl\u00e8me psychiatrique.<\/p>\n<p>2 &#8211; Vous devez avoir des connaissances s\u00e9rieuses en \u0100yurveda, soit acquises lors d&#8217;une formation, soit par votre propre exp\u00e9rience. Ce pr\u00e9requis sera v\u00e9rifi\u00e9 lors de l&#8217;entretien oral de la premi\u00e8re s\u00e9lection de septembre.<\/p>\n<p>3 &#8211; Vous exercez en tant que m\u00e9decin ou consultant th\u00e9rapeutique depuis au moins une ann\u00e9e. Vous avez une exp\u00e9rience de consultation et\/ou d\u2019application de soins corporels.<\/p>\n<p>4 &#8211; Vous pratiquez le yoga ou la m\u00e9ditation depuis plusieurs ann\u00e9es.<\/p>\n<p>5 &#8211; Id\u00e9alement, vous avez accompli un cours de 10 jours complets de Vipassana avant votre entr\u00e9e dans le mentorat.<br \/>\n<a href=\"https:\/\/mahi.dhamma.org\/fr\/\">https:\/\/mahi.dhamma.org\/fr\/<\/a><\/p>\n<p>Malgr\u00e9 ces pr\u00e9requis, nous \u00e9tudierons chaque demande au cas par cas.<\/p>\n","protected":false},"excerpt":{"rendered":"<p>Pr\u00e9requis 1 &#8211; Ce Mentorat s\u2019adresse \u00e0 des personnes en forme physiquement et sans probl\u00e8me psychiatrique. 2 &#8211; Vous devez avoir des connaissances s\u00e9rieuses en \u0100yurveda, soit acquises lors d&#8217;une formation, soit par votre propre exp\u00e9rience. Ce pr\u00e9requis sera v\u00e9rifi\u00e9 lors de l&#8217;entretien oral de la premi\u00e8re s\u00e9lection de septembre. 3 &#8211; Vous exercez en &hellip;<\/p>\n<p class=\"read-more\"> <a class=\"\" href=\"https:\/\/www.ayurveda-datta.org\/index.php\/prerequis-inscription\/\"> <span class=\"screen-reader-text\">Pr\u00e9requis \u00e0 l&#8217;inscription<\/span> Read More &raquo;<\/a><\/p>\n","protected":false},"author":2,"featured_media":0,"parent":0,"menu_order":0,"comment_status":"closed","ping_status":"closed","template":"","meta":{"site-sidebar-layout":"default","site-content-layout":"default","ast-main-header-display":"","ast-hfb-above-header-display":"","ast-hfb-below-header-display":"","ast-hfb-mobile-header-display":"","site-post-title":"disabled","ast-breadcrumbs-content":"","ast-featured-img":"","footer-sml-layout":"","theme-transparent-header-meta":"default","adv-header-id-meta":"","stick-header-meta":"","header-above-stick-meta":"","header-main-stick-meta":"","header-below-stick-meta":""},"_links":{"self":[{"href":"https:\/\/www.ayurveda-datta.org\/index.php\/wp-json\/wp\/v2\/pages\/200"}],"collection":[{"href":"https:\/\/www.ayurveda-datta.org\/index.php\/wp-json\/wp\/v2\/pages"}],"about":[{"href":"https:\/\/www.ayurveda-datta.org\/index.php\/wp-json\/wp\/v2\/types\/page"}],"author":[{"embeddable":true,"href":"https:\/\/www.ayurveda-datta.org\/index.php\/wp-json\/wp\/v2\/users\/2"}],"replies":[{"embeddable":true,"href":"https:\/\/www.ayurveda-datta.org\/index.php\/wp-json\/wp\/v2\/comments?post=200"}],"version-history":[{"count":31,"href":"https:\/\/www.ayurveda-datta.org\/index.php\/wp-json\/wp\/v2\/pages\/200\/revisions"}],"predecessor-version":[{"id":1339,"href":"https:\/\/www.ayurveda-datta.org\/index.php\/wp-json\/wp\/v2\/pages\/200\/revisions\/1339"}],"wp:attachment":[{"href":"https:\/\/www.ayurveda-datta.org\/index.php\/wp-json\/wp\/v2\/media?parent=200"}],"curies":[{"name":"wp","href":"https:\/\/api.w.org\/{rel}","templated":true}]}}