{"id":1162,"date":"2022-04-18T18:09:50","date_gmt":"2022-04-18T16:09:50","guid":{"rendered":"https:\/\/www.ayurveda-datta.org\/?page_id=1162"},"modified":"2025-06-13T11:07:50","modified_gmt":"2025-06-13T09:07:50","slug":"calendrier-3eme-promotion-2025","status":"publish","type":"page","link":"https:\/\/www.ayurveda-datta.org\/index.php\/calendrier-3eme-promotion-2025\/","title":{"rendered":"Calendrier Promotion 2027"},"content":{"rendered":"<h4><center><font color=\"green\"><b>Promotion 2027 de f\u00e9vrier 2027 \u00e0 octobre 2030<\/b><\/font><\/center><\/p>\n<p><B>Organisation de l\u2019ann\u00e9e de mentorat les trois premi\u00e8res ann\u00e9es<\/B><br \/>\n\u2022 5 sessions de 4 jours et demi : du jeudi 14h au lundi 16 h<br \/>\n\u2022 5 samedis en visioconf\u00e9rence. Nota : seulement 4 samedis en 2027.<\/p>\n<h4><font color=\"green\"><b>2027<\/b><\/font><\/h4>\n<p>Sessions \u00e0 Villeneuve d\u2019Uriage :<br \/>\n&#8211; Jeudi 18 f\u00e9vrier au lundi 22 f\u00e9vrier<br \/>\n&#8211; Jeudi 22 avril au lundi 26 avril<br \/>\n&#8211; Jeudi 10 juin au lundi 14 juin<br \/>\n&#8211; Jeudi 14 octobre au lundi 18 octobre<br \/>\n&#8211; Jeudi 2 d\u00e9cembre au lundi 6 d\u00e9cembre<\/p>\n<p>Samedis en visioconf\u00e9rence :<br \/>\n&#8211; 20 Mars : 9h-12h et 14h-17h<br \/>\n&#8211; 22 Mai : 9h-12h et 14h-17h<br \/>\n&#8211; 18 septembre : 9h-12h et 14h-17h<br \/>\n&#8211; 20 novembre : 9h-12h et 14h-17h<\/p>\n<h4><font color=\"green\"><b>2028<\/b><\/font><\/h4>\n<p>Sessions \u00e0 Villeneuve d\u2019Uriage :<\/p>\n<p>&#8211; Jeudi 17 f\u00e9vrier au lundi 21 f\u00e9vrier<br \/>\n&#8211; Jeudi 6 avril au lundi 10 avril<br \/>\n&#8211; Jeudi 8 juin au lundi 12 juin<br \/>\n&#8211; Jeudi 28 septembre au lundi 2 octobre<br \/>\n&#8211; Jeudi 30 novembre au lundi 4 d\u00e9cembre<\/p>\n<p>Samedis en visioconf\u00e9rence :<\/p>\n<p>&#8211; 22 janvier : 9h-12h et 14h- 17h<br \/>\n&#8211; 18 Mars : 9h-12h et 14h- 17h<br \/>\n&#8211; 20 Mai : 9h-12h et 14h- 17h<br \/>\n&#8211; 8 juillet : 9h-12h et 14h- 17h<br \/>\n&#8211; 4 novembre : 9h-12h et 14h- 17h<\/p>\n<h4><font color=\"green\"><b>2029<\/b><\/font><\/h4>\n<p>Sessions \u00e0 Villeneuve d\u2019Uriage :<\/p>\n<p>&#8211; Jeudi 15 f\u00e9vrier au lundi 19 f\u00e9vrier<br \/>\n&#8211; Jeudi 19 avril au lundi 23 avril<br \/>\n&#8211; Jeudi 21 juin au lundi 25 juin<br \/>\n&#8211; Jeudi 11 octobre au lundi 15 octobre<br \/>\n&#8211; Jeudi 6 d\u00e9cembre au lundi 10 d\u00e9cembre<\/p>\n<p>Journ\u00e9es en visio-conf\u00e9rence :<\/p>\n<p>&#8211; 20 janvier : 9h-12h et 14h- 17h<br \/>\n&#8211; 24 Mars : 9h-12h et 14h- 17h<br \/>\n&#8211; 26 Mai : 9h-12h et 14h- 17h<br \/>\n&#8211; 10 novembre : 9h-12h et 14h- 17h<br \/>\n&#8211; 26 janvier 2030 : 9h-12h et 14h- 17h<\/p>\n<p>Gurukulam<br \/>\n&#8211; du lundi 6 ao\u00fbt au dimanche 12 ao\u00fbt matin<\/p>\n<h4><font color=\"green\"><b>2030<\/b><\/font><\/h4>\n<p>Deux Pa\u00f1cakarma(s) dans un lieu \u00e0 d\u00e9finir 2 \u00e0 3 semaines en r\u00e9sidence.<br \/>\n&#8211; du vendredi 19 avril au dimanche 12 mai 2030<br \/>\n&#8211; du vendredi 13 septembre au dimanche 6 octobre 2030<\/p>\n","protected":false},"excerpt":{"rendered":"<p>Promotion 2027 de f\u00e9vrier 2027 \u00e0 octobre 2030 Organisation de l\u2019ann\u00e9e de mentorat les trois premi\u00e8res ann\u00e9es \u2022 5 sessions de 4 jours et demi : du jeudi 14h au lundi 16 h \u2022 5 samedis en visioconf\u00e9rence. Nota : seulement 4 samedis en 2027. 2027 Sessions \u00e0 Villeneuve d\u2019Uriage : &#8211; Jeudi 18 f\u00e9vrier &hellip;<\/p>\n<p class=\"read-more\"> <a class=\"\" href=\"https:\/\/www.ayurveda-datta.org\/index.php\/calendrier-3eme-promotion-2025\/\"> <span class=\"screen-reader-text\">Calendrier Promotion 2027<\/span> Read More &raquo;<\/a><\/p>\n","protected":false},"author":2,"featured_media":0,"parent":0,"menu_order":0,"comment_status":"closed","ping_status":"closed","template":"","meta":{"site-sidebar-layout":"default","site-content-layout":"default","ast-main-header-display":"","ast-hfb-above-header-display":"","ast-hfb-below-header-display":"","ast-hfb-mobile-header-display":"","site-post-title":"disabled","ast-breadcrumbs-content":"","ast-featured-img":"","footer-sml-layout":"","theme-transparent-header-meta":"default","adv-header-id-meta":"","stick-header-meta":"","header-above-stick-meta":"","header-main-stick-meta":"","header-below-stick-meta":""},"_links":{"self":[{"href":"https:\/\/www.ayurveda-datta.org\/index.php\/wp-json\/wp\/v2\/pages\/1162"}],"collection":[{"href":"https:\/\/www.ayurveda-datta.org\/index.php\/wp-json\/wp\/v2\/pages"}],"about":[{"href":"https:\/\/www.ayurveda-datta.org\/index.php\/wp-json\/wp\/v2\/types\/page"}],"author":[{"embeddable":true,"href":"https:\/\/www.ayurveda-datta.org\/index.php\/wp-json\/wp\/v2\/users\/2"}],"replies":[{"embeddable":true,"href":"https:\/\/www.ayurveda-datta.org\/index.php\/wp-json\/wp\/v2\/comments?post=1162"}],"version-history":[{"count":14,"href":"https:\/\/www.ayurveda-datta.org\/index.php\/wp-json\/wp\/v2\/pages\/1162\/revisions"}],"predecessor-version":[{"id":1342,"href":"https:\/\/www.ayurveda-datta.org\/index.php\/wp-json\/wp\/v2\/pages\/1162\/revisions\/1342"}],"wp:attachment":[{"href":"https:\/\/www.ayurveda-datta.org\/index.php\/wp-json\/wp\/v2\/media?parent=1162"}],"curies":[{"name":"wp","href":"https:\/\/api.w.org\/{rel}","templated":true}]}}